{"id":1427,"date":"2025-05-29T14:28:49","date_gmt":"2025-05-29T14:28:49","guid":{"rendered":"https:\/\/basmed.unilag.edu.ng\/?page_id=1427"},"modified":"2025-05-29T14:30:42","modified_gmt":"2025-05-29T14:30:42","slug":"prof-francisca-o-n","status":"publish","type":"page","link":"https:\/\/basmed.unilag.edu.ng\/?page_id=1427","title":{"rendered":"PROF FRANCISCA O.N"},"content":{"rendered":"\t\t<div data-elementor-type=\"wp-page\" data-elementor-id=\"1427\" class=\"elementor elementor-1427\">\n\t\t\t\t\t\t\t\t\t<section class=\"elementor-section elementor-top-section elementor-element elementor-element-dd5629f elementor-section-boxed elementor-section-height-default elementor-section-height-default\" data-id=\"dd5629f\" data-element_type=\"section\">\n\t\t\t\t\t\t<div class=\"elementor-container elementor-column-gap-default\">\n\t\t\t\t\t<div class=\"elementor-column elementor-col-100 elementor-top-column elementor-element elementor-element-22df4d3\" data-id=\"22df4d3\" data-element_type=\"column\">\n\t\t\t<div class=\"elementor-widget-wrap elementor-element-populated\">\n\t\t\t\t\t\t\t\t<div class=\"elementor-element elementor-element-7b38e5f elementor-widget elementor-widget-image\" data-id=\"7b38e5f\" data-element_type=\"widget\" data-widget_type=\"image.default\">\n\t\t\t\t<div class=\"elementor-widget-container\">\n\t\t\t<style>\/*! elementor - v3.7.4 - 31-08-2022 *\/\n.elementor-widget-image{text-align:center}.elementor-widget-image a{display:inline-block}.elementor-widget-image a img[src$=\".svg\"]{width:48px}.elementor-widget-image img{vertical-align:middle;display:inline-block}<\/style>\t\t\t\t\t\t\t\t\t\t\t\t<img decoding=\"async\" width=\"150\" height=\"150\" src=\"https:\/\/basmed.unilag.edu.ng\/wp-content\/uploads\/2025\/05\/I-150x150.jpg\" class=\"attachment-thumbnail size-thumbnail\" alt=\"\" loading=\"lazy\" srcset=\"https:\/\/basmed.unilag.edu.ng\/wp-content\/uploads\/2025\/05\/I-150x150.jpg 150w, https:\/\/basmed.unilag.edu.ng\/wp-content\/uploads\/2025\/05\/I-85x85.jpg 85w, https:\/\/basmed.unilag.edu.ng\/wp-content\/uploads\/2025\/05\/I-80x80.jpg 80w\" sizes=\"(max-width: 150px) 100vw, 150px\" \/>\t\t\t\t\t\t\t\t\t\t\t\t\t\t\t<\/div>\n\t\t\t\t<\/div>\n\t\t\t\t\t<\/div>\n\t\t<\/div>\n\t\t\t\t\t\t\t<\/div>\n\t\t<\/section>\n\t\t\t\t<section class=\"elementor-section elementor-top-section elementor-element elementor-element-aaccd14 elementor-section-boxed elementor-section-height-default elementor-section-height-default\" data-id=\"aaccd14\" data-element_type=\"section\">\n\t\t\t\t\t\t<div class=\"elementor-container elementor-column-gap-default\">\n\t\t\t\t\t<div class=\"elementor-column elementor-col-100 elementor-top-column elementor-element elementor-element-e61b336\" data-id=\"e61b336\" data-element_type=\"column\">\n\t\t\t<div class=\"elementor-widget-wrap elementor-element-populated\">\n\t\t\t\t\t\t\t\t<div class=\"elementor-element elementor-element-717acdd elementor-widget elementor-widget-text-editor\" data-id=\"717acdd\" data-element_type=\"widget\" data-widget_type=\"text-editor.default\">\n\t\t\t\t<div class=\"elementor-widget-container\">\n\t\t\t<style>\/*! elementor - v3.7.4 - 31-08-2022 *\/\n.elementor-widget-text-editor.elementor-drop-cap-view-stacked .elementor-drop-cap{background-color:#818a91;color:#fff}.elementor-widget-text-editor.elementor-drop-cap-view-framed .elementor-drop-cap{color:#818a91;border:3px solid;background-color:transparent}.elementor-widget-text-editor:not(.elementor-drop-cap-view-default) .elementor-drop-cap{margin-top:8px}.elementor-widget-text-editor:not(.elementor-drop-cap-view-default) .elementor-drop-cap-letter{width:1em;height:1em}.elementor-widget-text-editor .elementor-drop-cap{float:left;text-align:center;line-height:1;font-size:50px}.elementor-widget-text-editor .elementor-drop-cap-letter{display:inline-block}<\/style>\t\t\t\t<p>TITLE (PROF\/DR\/): PROF<\/p>\n<p>NAME: FRANCISCA OBIAGERI NWAOKORIE<\/p>\n<p>POSITION:&nbsp;PROFESSOR &nbsp; SPECIALISATION:&nbsp;Anaerobic Infection Diagnosis and &nbsp;&nbsp;Microbiomics, Oral Microbiology, Microbial Genetics, Laboratory Quality and Management &nbsp;&nbsp;&nbsp;&nbsp;&nbsp;&nbsp;&nbsp;&nbsp;&nbsp;&nbsp;&nbsp;&nbsp;<\/p>\n<p>EDUCATION\/TRAINING <em>(Begin with Bachelor\u2019s degree or other initial professional education, such as nursing, include postdoctoral training and residency training if applicable. Add\/delete rows as necessary.)<\/em><\/p>\n<table>\n<tbody>\n<tr>\n<td width=\"348\">\n<p>INSTITUTION AND LOCATION<\/p>\n<\/td>\n<td width=\"96\">\n<p>DEGREE<\/p>\n<p><em>(if applicable)<\/em><\/p>\n<p><\/p>\n<\/td>\n<td width=\"105\">\n<p>Completion Date<\/p>\n<p>MM\/YYYY<\/p>\n<p><\/p>\n<\/td>\n<td width=\"172\">\n<p>FIELD OF STUDY<\/p>\n<p><\/p>\n<\/td>\n<\/tr>\n<tr>\n<td width=\"348\">\n<p>Federal&nbsp;Polytechnique&nbsp;Bauchi,&nbsp;Bauchi&nbsp;State<\/p>\n<\/td>\n<td width=\"96\">\n<p>HND<\/p>\n<\/td>\n<td width=\"105\">\n<p>10\/199<\/p>\n<\/td>\n<td width=\"172\">\n<p>Microbiology<\/p>\n<\/td>\n<\/tr>\n<tr>\n<td width=\"348\">\n<p>Med.&nbsp;Lab.&nbsp;Sci.&nbsp;Council&nbsp;Nigeria,&nbsp;School&nbsp;of&nbsp;Medical<\/p>\n<\/td>\n<td width=\"96\">\n<p>AMLSCN<\/p>\n<\/td>\n<td width=\"105\">\n<p>11\/&nbsp;95<\/p>\n<\/td>\n<td width=\"172\">\n<p>Microbiology<\/p>\n<\/td>\n<\/tr>\n<tr>\n<td width=\"348\">\n<p>Laboratory&nbsp;Sciences,&nbsp;LUTH,&nbsp;Lagos&nbsp;Nigeria<\/p>\n<\/td>\n<td width=\"96\">\n<\/td>\n<td width=\"105\">\n<\/td>\n<td width=\"172\">\n<\/td>\n<\/tr>\n<tr>\n<td width=\"348\">\n<p>Med.&nbsp;Lab.&nbsp;Sci.&nbsp;Council&nbsp;Nigeria,&nbsp;School&nbsp;of&nbsp;Medical<\/p>\n<\/td>\n<td width=\"96\">\n<p>FMLSCN<\/p>\n<\/td>\n<td width=\"105\">\n<p>05\/00<\/p>\n<\/td>\n<td width=\"172\">\n<p>Bacteriology<\/p>\n<\/td>\n<\/tr>\n<tr>\n<td width=\"348\">\n<p>Laboratory&nbsp;Sciences,&nbsp;LUTH,&nbsp;Lagos&nbsp;Nigeria<\/p>\n<\/td>\n<td width=\"96\">\n<\/td>\n<td width=\"105\">\n<\/td>\n<td width=\"172\">\n<\/td>\n<\/tr>\n<tr>\n<td width=\"348\">\n<p>Imo&nbsp;State&nbsp;University&nbsp;Owerri,&nbsp;Nigeria<\/p>\n<\/td>\n<td width=\"96\">\n<p>MBA<\/p>\n<\/td>\n<td width=\"105\">\n<p>11\/02<\/p>\n<\/td>\n<td width=\"172\">\n<p>Management<\/p>\n<\/td>\n<\/tr>\n<tr>\n<td width=\"348\">\n<p>University&nbsp;of&nbsp;Lagos,&nbsp;Nigeria<\/p>\n<\/td>\n<td width=\"96\">\n<p>M.&nbsp;Sc.<\/p>\n<\/td>\n<td width=\"105\">\n<p>06\/03<\/p>\n<\/td>\n<td width=\"172\">\n<p>Med&nbsp;Micro&nbsp;&amp;&nbsp;Para<\/p>\n<\/td>\n<\/tr>\n<tr>\n<td width=\"348\">\n<p>University&nbsp;of&nbsp;Lagos,&nbsp;Nigeria<\/p>\n<\/td>\n<td width=\"96\">\n<p>Ph.D.<\/p>\n<\/td>\n<td width=\"105\">\n<p>01\/09<\/p>\n<\/td>\n<td width=\"172\">\n<p>Med&nbsp;Microbiology<\/p>\n<\/td>\n<\/tr>\n<\/tbody>\n<\/table>\n<p>&nbsp;<strong>Personal<\/strong><strong>&nbsp;<\/strong><strong>Statement<\/strong><\/p>\n<p>I&nbsp;am&nbsp;a Professor of Anaerobic Infection Diagnosis and Microbiomics.&nbsp;My passion is to advance laboratory diagnosis to ensure good healthcare delivery through anaerobic infection diagnosis and human microbiome using innovative computational and molecular biology.&nbsp;I&nbsp;am&nbsp;utilizing&nbsp;this&nbsp;to&nbsp;explore&nbsp;the&nbsp;gut microbiome in oral and&nbsp;neurodegerative diseases&nbsp;while &nbsp;promoting compliance to local and international regulatory standards on laboratory quality&nbsp;management, development, commercialization and use of innovative<em><i>&nbsp;in vitro<\/i><\/em>&nbsp;diagnostic medical devices.&nbsp;My career part is designed to constantly seek to bridge scientific research with one health global&nbsp;impact- collaborating with experts and industries to empower youths, young scientists and integrate with local communities through innovation and advocacy. My goal is to&nbsp;eventually&nbsp;translate research&nbsp;prototypes&nbsp;into scalable products and training models that address Africa\u2019s challenges in medical laboratory diagnosis, youth unemployment, and sustainable development through collaborative, interdisciplinary approaches.<\/p>\n<p><\/p>\n<p><strong>Positions, Scientific Appointments, and Honours<\/strong><\/p>\n<ol>\n<li>AFRETEC-UNILAG Innovation-in-Health Challenge Project Team &nbsp;2025<\/li>\n<li>Secretary and member;Women Advisory Board, Innovative Rapid Enabling, Affordable, point-of-Care HPV self-testing strategy (I-REACH)&nbsp;programme March, 2025<\/li>\n<\/ol>\n<ul>\n<li>Trainer\/Assessor\/LaboratoryAuditor, WHO-AFRO&nbsp;SLMTA\/SLIPTA Programme in Nigeria\/CDC- Lagos State Ministry of Health (2023); AIDS Preventive Initiative (APIN) 2012-Date<\/li>\n<\/ul>\n<ol>\n<li>Member,Board of Advisors. Daedalus Health Information Systems Inc. USA, &nbsp;&nbsp;&nbsp;&nbsp;&nbsp;&nbsp;&nbsp;&nbsp;&nbsp;2019-Date.<\/li>\n<li>Vice President, LUTH\/CMUL\/UNILAG Chapter, Association of Medical Laboratory Scientist of Nigeria (AMLSN)- 2021- 2024<\/li>\n<li>Member, Board of Fellows, Association of Medical Laboratory Scientists of Nigeria (FAMLSN) 2022-Date)<\/li>\n<\/ol>\n<ul>\n<li>Site Investigator, Lead-Biorepository Team: PPMI CMUL, 2021-Date<\/li>\n<li>Co-Investigator, Lead Microbiome Team NIHR-TraPCAf, 2021-Date.<\/li>\n<\/ul>\n<ol>\n<li>Co-Investigator, Lead Microbiome Team; NIH IRABL RO1 Study 2024<\/li>\n<li>Editor Board&nbsp;member, mBio Americaln Society for Microbiology (ASM)&nbsp;2024<\/li>\n<\/ol>\n<p><strong>Selected Most Recent Publications &nbsp;\/Contributions to Knowledge (five <\/strong><strong>(5) maximum)<\/strong><\/p>\n<ol>\n<li>Nwaozuru, U., Obiezu-Umeh, C., Uzodufa, S.A. <a href=\"#auth-Abideen-Salako-Aff1\">Salako<\/a>, <a href=\"#auth-Folahanmi_Tomiwa-Akinsolu-Aff1-Aff5-Aff6\">Akinsolu<\/a>,F. T.,&nbsp;<a href=\"#auth-Oliver_Chukwujekwu-Ezechi-Aff1-Aff5-Aff6\">&nbsp;Ezechi<\/a>,&nbsp;O. C., <a href=\"#auth-Titilola-Gbajabiamila-Aff1-Aff6\">Gbajabiamila<\/a>, T., <a href=\"#auth-Francisca-Nwaokorie-Aff7\"><strong><b>Nwaokorie<\/b><\/strong><\/a><strong><b>&nbsp;F.O<\/b><\/strong>., <a href=\"#auth-Omolola_Titilayo-Alade-Aff8\">Alade<\/a>, O. T., <a href=\"#auth-George_Uchenna-Eleje-Aff1-Aff9\">&nbsp;Eleje<\/a>, G. U., <a href=\"#auth-Joanne-Lusher-Aff1-Aff10\">Lusher<\/a>&nbsp;J., &nbsp;<a href=\"#auth-Mor__nik___Oluw_t_y_n-Fol_yan-Aff1-Aff11\">Fol\u00e1yan<\/a>&nbsp;M.O. (2025).&nbsp;Systematic review and meta-analysis of the prevalence of oral cancer in Nigeria. <em><i>BMC Oral Health<\/i><\/em>&nbsp;<strong><b>25<\/b><\/strong>, 414 (2025). <a href=\"https:\/\/doi.org\/10.1186\/s12903-025-05724-w\">https:\/\/doi.org\/10.1186\/s12903-025-05724-w<\/a><\/li>\n<li>Nnawuihe, U.C., Ehizele, A.O., Afolabi, A.O. <a href=\"#auth-Francisca_Obiageri-Nwaokorie-Aff1-Aff5\"><strong><b>Nwaokorie<\/b><\/strong><\/a><strong><b>O.,<\/b><\/strong><a href=\"#auth-Joanne-Lusher-Aff1-Aff6\">Joanne Lusher<\/a>, &nbsp;<a href=\"#auth-Folahanmi_Tomiwa-Akinsolu-Aff1-Aff7-Aff8\">Folahanmi Tomiwa Akinsolu<\/a>, &nbsp;&nbsp;<a href=\"#auth-Abideen_Olurotimi-Salako-Aff1\">Abideen Olurotimi Salako<\/a>, <a href=\"#auth-Oliver_Chukwujekwu-Ezechi-Aff1-Aff7-Aff8\">Oliver Chukwujekwu Ezechi<\/a>&nbsp;&amp; &nbsp;<a href=\"#auth-Mor_nik__Oluw_t_y_n-Fol_yan-Aff1-Aff9\">Mor\u00e9nik\u00e9 Oluw\u00e1t\u00f3y\u00ecn Fol\u00e1yan<\/a>&nbsp;(2025).&nbsp;Risk indicators for dental caries among preschoolers, school children\/adolescents and adults in Nigeria: a scoping review. <em><i>BMC Oral Health<\/i><\/em>&nbsp;<strong><b>25<\/b><\/strong>, 281 (2025). <a href=\"https:\/\/doi.org\/10.1186\/s12903-025-05668-1\">https:\/\/doi.org\/10.1186\/s12903-025-05668-1<\/a>.<\/li>\n<li><strong><b>Nwaokorie FO., <\/b><\/strong>Abdalla, .M, Edet UO., Abdalla AME., &nbsp;Ekomobong A, , Shami A,, Bassey IU, Tayeb FJ , Destiny E. Charlie DE., &nbsp;David &nbsp;BO, &nbsp;Hajedri NA, Archibong &nbsp;PC, Akinboboye BO., Alaribe &nbsp;SC. (2024). <em><i>In-silico<\/i><\/em>assessment of bioactive compounds from the chewing stick (Salvadora persica) against N-acetylneuraminate lyase (5ZKA) of <em><i>Fusobacterium nucleatum<\/i><\/em>&nbsp;involved in salicylic acid metabolism. <em><i>Journal of Molecular Structure,<\/i><\/em>&nbsp;1316: 138733.https:\/\/doi.org\/10.1016\/j.molstruc.2024.138733.<\/li>\n<li><strong><b>Nwaokorie FO.,<\/b><\/strong>Edet UO, Odeniyi OM, Ndu UC, Alabi O, Umeizudike KA. <em><i>In vitro<\/i><\/em>&nbsp;antimicrobial activity of selected mouthwashes on <em><i>Streptococcus<\/i><\/em>&nbsp;species isolated from adult patients with dental caries. Babcock Univ. Med. J.2024 7(2): https:\/\/doi.org\/10.38029\/babcockuniv.med.j..v7i2.<\/li>\n<li><strong><b>Nwaokorie FO.<\/b><\/strong>Akinboboye BO. &nbsp;Akeredolua, PA, Dania A. (2024). Effect of Denture On Oral Microbiome Diversity of Denture-Wearing Older Adult. Nigerian Journal of Dental Research. Nig J Dent Res 2024; 9(2): 53-62. https:\/\/dx.doi.org\/10.4314\/njdr.v9i2.2.<\/li>\n<li>Akase IE, Agabi OP, Ojo OO, Anyanwu RA, Awodumila S, Ayilara S, Ede OJ, Ghajiga P, Kalejaiye O, Nwanmah C, <strong><b>Nwaokorie F,<\/b><\/strong>Ogbenna A, Olajide M, Perez-Giraldo GS, Orban ZS, Jimenez M, Koralnik IJ, Okubadejo NU. &nbsp;(2024).A systematic analysis of neurologic manifestations of Long COVID in Nigeria. <em><i>J Neurovirol.<\/i><\/em>&nbsp;doi: 10.1007\/s13365-024-01232-9.<\/li>\n<li>Eleje, G.U., Okoh, E.E., Igbodike, E.P., Akinsolu, FT., <strong><b>Nwaokorie, F. O.,<\/b><\/strong>Lusher, J.M., Tantawi, M. E., Salako, A. O.,Ezechi, O. C., Fol\u00e1yan, M.O. (2024). Prevalence and associated risk factors for noma in Nigerian children: a systematic review and meta-analysis. BMC Oral Health 24, 685&nbsp;92024)&nbsp;<a href=\"https:\/\/doi.org\/10.1186\/s12903-024-04451-y\"><u>https:\/\/doi.org\/10.1186\/s12903-024-04451-y<\/u><\/a><\/li>\n<li>Ehizele, A.O., Adebayo, E.T., Adewole, I.E., Abodunrin, O.R., Akinsolu, F.T., <strong><b>Nwaokorie, F<\/b><\/strong>., Alade, O.T., Salako, A.O., Lusher, J., Ezechi, O.C., Fol\u00e1yan M.O. (2024), Prevalence of Dental Caries Among 6\u201311-Year-Olds in Nigeria: A Systematic Review and Meta-Analysis. Oral &nbsp;4, 600\u2013615.https:\/\/doi.org\/10.3390\/oral4040047.<\/li>\n<li><strong><b>Nwaokorie, F.O,<\/b><\/strong>Edet, U.O., Akaninyene, P.J., Kanki, P. and Ogunsola, F.T, (2023). Prediction of functional proteins associated with the gut microbiome of an adult population in Lagos State, Nigeria.&nbsp;<em><i>Scientific African<\/i><\/em>&nbsp;19: e01445 <a href=\"https:\/\/doi.org\/10.1016\/j.sciaf.2022.e01445.\">https:\/\/doi.org\/10.1016\/j.sciaf.2022.e01445.<\/a><\/li>\n<li>Walker, R., Fothergill-Misbah, N., Kariuki, S.&nbsp;Ojo, O., &nbsp;Cilia, R., Dekker, M. C. J., &nbsp;Agabi, O., Akpalu, A., &nbsp;Amod, F., &nbsp;Breckons, M., &nbsp;Cham, M., &nbsp;Del Din., &nbsp;Dotchin, C., &nbsp;Guggsa, S., &nbsp;Kwasa, J., &nbsp;Mushi, D., &nbsp;<strong><b>Nwaokorie, F. O., <\/b><\/strong>Park, T., &nbsp;Rochester, L., &nbsp;Rogathi, J., &nbsp;Sarfo, F. S., &nbsp;Shalash, A., Ternent, L., &nbsp;Urasa, S., Okubadejo, N. (2023) Transforming Parkinson&#8217;s Care in Africa (TraPCAf): protocol for a multimethodology&nbsp;National Institute for Health and Care Research Global Health Research Group project.<em><i>&nbsp;BMC Neurol<\/i><\/em>&nbsp;23, 373 (2023). <a href=\"https:\/\/doi.org\/10.1186\/s12883-023-03414-0.\">https:\/\/doi.org\/10.1186\/s12883-023-03414-0.<\/a><\/li><\/ol>\n<p><strong><b>Collaborators\/ Networks International inclusive<\/b><\/strong><\/p>\n<ol>\n<li>Rose Gidado, National Biotechnology Development Agency, Abuja<\/li>\n<li>Prof Walker Richard, NewCastle University, USA<\/li>\n<\/ol>\n<ul>\n<li>Prof Rufus Akinyemi, University of, Ibadan<\/li>\n<\/ul>\n<ol>\n<li>Paulinus Offutalu, Laboratory Manager,Public Health In- Vitro Diagnostics (IVD), Laboratory, Medical Laboratory Science Council of Nigeria.<\/li>\n<li>Director, Training Services; Standard Organization of NigeriaNigeria&nbsp;<\/li>\n<\/ol>\n<p><strong><b>&nbsp;<\/b><\/strong><\/p>\n<p><strong><b>&nbsp;<\/b><\/strong><\/p>\n<p><\/p>\n<p><\/p>\t\t\t\t\t\t<\/div>\n\t\t\t\t<\/div>\n\t\t\t\t\t<\/div>\n\t\t<\/div>\n\t\t\t\t\t\t\t<\/div>\n\t\t<\/section>\n\t\t\t\t\t\t\t<\/div>\n\t\t","protected":false},"excerpt":{"rendered":"<p>TITLE (PROF\/DR\/): PROF NAME: FRANCISCA OBIAGERI NWAOKORIE POSITION:&nbsp;PROFESSOR &nbsp; SPECIALISATION:&nbsp;Anaerobic Infection Diagnosis and &nbsp;&nbsp;Microbiomics, Oral Microbiology, Microbial Genetics, Laboratory Quality and Management &nbsp;&nbsp;&nbsp;&nbsp;&nbsp;&nbsp;&nbsp;&nbsp;&nbsp;&nbsp;&nbsp;&nbsp; EDUCATION\/TRAINING (Begin with<span class=\"excerpt-hellip\"> [\u2026]<\/span><\/p>\n","protected":false},"author":2,"featured_media":0,"parent":0,"menu_order":0,"comment_status":"closed","ping_status":"closed","template":"","meta":[],"_links":{"self":[{"href":"https:\/\/basmed.unilag.edu.ng\/index.php?rest_route=\/wp\/v2\/pages\/1427"}],"collection":[{"href":"https:\/\/basmed.unilag.edu.ng\/index.php?rest_route=\/wp\/v2\/pages"}],"about":[{"href":"https:\/\/basmed.unilag.edu.ng\/index.php?rest_route=\/wp\/v2\/types\/page"}],"author":[{"embeddable":true,"href":"https:\/\/basmed.unilag.edu.ng\/index.php?rest_route=\/wp\/v2\/users\/2"}],"replies":[{"embeddable":true,"href":"https:\/\/basmed.unilag.edu.ng\/index.php?rest_route=%2Fwp%2Fv2%2Fcomments&post=1427"}],"version-history":[{"count":4,"href":"https:\/\/basmed.unilag.edu.ng\/index.php?rest_route=\/wp\/v2\/pages\/1427\/revisions"}],"predecessor-version":[{"id":1432,"href":"https:\/\/basmed.unilag.edu.ng\/index.php?rest_route=\/wp\/v2\/pages\/1427\/revisions\/1432"}],"wp:attachment":[{"href":"https:\/\/basmed.unilag.edu.ng\/index.php?rest_route=%2Fwp%2Fv2%2Fmedia&parent=1427"}],"curies":[{"name":"wp","href":"https:\/\/api.w.org\/{rel}","templated":true}]}}